{"id":217787,"date":"2023-11-12T11:20:47","date_gmt":"2023-11-12T10:20:47","guid":{"rendered":"http:\/\/www.sportcentrum-mb.cz\/?page_id=217787"},"modified":"2023-11-12T11:40:37","modified_gmt":"2023-11-12T10:40:37","slug":"elektrarna","status":"publish","type":"page","link":"https:\/\/www.sportcentrum-mb.cz\/en\/elektrarna\/","title":{"rendered":"Elektrarna"},"content":{"rendered":"<p>[et_pb_section fb_built=&#8220;1&#8243; custom_padding_last_edited=&#8220;off|desktop&#8220; admin_label=&#8220;Header&#8220; _builder_version=&#8220;3.22.7&#8243; background_color=&#8220;#2a2e40&#8243; use_background_color_gradient=&#8220;on&#8220; background_color_gradient_start=&#8220;rgba(42,46,64,0)&#8220; background_color_gradient_end=&#8220;#2a2e40&#8243; background_color_gradient_type=&#8220;radial&#8220; background_color_gradient_end_position=&#8220;70%&#8220; background_color_gradient_overlays_image=&#8220;on&#8220; background_image=&#8220;https:\/\/www.sportcentrum-mb.cz\/wp-content\/uploads\/2019\/05\/titul_back_contact.jpg&#8220; box_shadow_style=&#8220;preset7&#8243; box_shadow_horizontal=&#8220;0px&#8220; box_shadow_vertical=&#8220;-100px&#8220; box_shadow_color=&#8220;#ffffff&#8220; custom_padding=&#8220;||200px&#8220; custom_padding_tablet=&#8220;0vw||&#8220; custom_padding_phone=&#8220;0vw||&#8220;][et_pb_row custom_padding=&#8220;0|0px|0|0px|true|false&#8220; _builder_version=&#8220;3.22.3&#8243; module_alignment=&#8220;left&#8220;][et_pb_column type=&#8220;4_4&#8243; _builder_version=&#8220;3.17.2&#8243;][et_pb_divider color=&#8220;rgba(255,255,255,0.31)&#8220; divider_style=&#8220;dashed&#8220; _builder_version=&#8220;3.17.2&#8243;][\/et_pb_divider][\/et_pb_column][\/et_pb_row][et_pb_row custom_padding=&#8220;||0||false|false&#8220; custom_padding_tablet=&#8220;||40px|0%&#8220; custom_margin=&#8220;|180px||auto||&#8220; custom_padding_last_edited=&#8220;on|tablet&#8220; _builder_version=&#8220;3.22.3&#8243; max_width=&#8220;80%&#8220; use_custom_width=&#8220;on&#8220; width_unit=&#8220;off&#8220;][et_pb_column type=&#8220;4_4&#8243; _builder_version=&#8220;3.16&#8243;][et_pb_text _builder_version=&#8220;3.22.7&#8243; text_font=&#8220;||||||||&#8220; header_font=&#8220;Oswald|300||on|||||&#8220; header_font_size=&#8220;7vw&#8220; header_font_size_tablet=&#8220;40px&#8220; header_font_size_phone=&#8220;30px&#8220; header_font_size_last_edited=&#8220;on|phone&#8220; header_letter_spacing=&#8220;0.35em&#8220; header_letter_spacing_tablet=&#8220;10px&#8220; header_letter_spacing_phone=&#8220;7px&#8220; header_letter_spacing_last_edited=&#8220;off|desktop&#8220; header_line_height=&#8220;1.2em&#8220; header_line_height_tablet=&#8220;1.5em&#8220; header_line_height_phone=&#8220;1.5em&#8220; header_line_height_last_edited=&#8220;on|phone&#8220; header_2_font=&#8220;||||||||&#8220; header_3_font=&#8220;Oswald|||on|||||&#8220; header_3_font_size=&#8220;12px&#8220; header_3_font_size_tablet=&#8220;10px&#8220; header_3_font_size_phone=&#8220;10px&#8220; header_3_font_size_last_edited=&#8220;on|desktop&#8220; header_3_letter_spacing=&#8220;1.5em&#8220; header_3_letter_spacing_phone=&#8220;3px&#8220; header_3_letter_spacing_last_edited=&#8220;on|phone&#8220; header_3_line_height=&#8220;2.4em&#8220; background_layout=&#8220;dark&#8220; max_width=&#8220;80%&#8220; animation_style=&#8220;slide&#8220; animation_direction=&#8220;right&#8220; animation_duration=&#8220;2000ms&#8220; animation_intensity_slide=&#8220;2%&#8220;]<\/p>\n<h3><\/h3>\n<h1>elektr\u00e1rna<\/h1>\n<p>[\/et_pb_text][\/et_pb_column][\/et_pb_row][\/et_pb_section][et_pb_section fb_built=&#8220;1&#8243; _builder_version=&#8220;3.22.7&#8243; custom_padding=&#8220;0px|||||&#8220;][et_pb_row _builder_version=&#8220;3.22.7&#8243;][et_pb_column type=&#8220;4_4&#8243; _builder_version=&#8220;3.22.7&#8243;][et_pb_text _builder_version=&#8220;3.22.7&#8243;]<\/p>\n<p><span data-contrast=\"auto\">Fotovoltaick\u00e1 elektr\u00e1rna Sport MB s.r.o. &#8211; um\u00edst\u011bn\u00ed Bezd\u011b\u010d\u00edn<\/span><span data-ccp-props=\"{&quot;201341983&quot;:0,&quot;335559739&quot;:160,&quot;335559740&quot;:259}\">\u00a0<\/span><\/p>\n<p><span data-contrast=\"auto\">N\u00e1zev v\u00fdzvy: <\/span><span data-contrast=\"none\">Fotovoltaick\u00e9 syst\u00e9my s\/bez akumulace I. v\u00fdzva &#8211; aktivita a)<\/span><span data-ccp-props=\"{&quot;201341983&quot;:0,&quot;335559739&quot;:160,&quot;335559740&quot;:259}\">\u00a0<\/span><\/p>\n<p><span data-contrast=\"none\">C\u00edlem projektu bylo v\u202fvybudovat v\u202fobci Bezd\u011b\u010d\u00edn sol\u00e1rn\u00ed elektr\u00e1rnu do v\u00fdkonu 50kwp, kter\u00e1 bude \u010d\u00e1ste\u010dn\u011b pokr\u00fdvat spot\u0159ebu elektrick\u00e9 energie \u010d\u00e1sti za\u0159\u00edzen\u00ed motelu.<\/span><\/p>\n<p>[\/et_pb_text][\/et_pb_column][\/et_pb_row][et_pb_row _builder_version=&#8220;3.22.7&#8243;][et_pb_column type=&#8220;4_4&#8243; _builder_version=&#8220;3.22.7&#8243;][et_pb_image src=&#8220;https:\/\/www.sportcentrum-mb.cz\/wp-content\/uploads\/2023\/11\/fotovoltaika-footer.jpg&#8220; show_bottom_space=&#8220;off&#8220; align=&#8220;center&#8220; _builder_version=&#8220;3.22.7&#8243; width=&#8220;80%&#8220;][\/et_pb_image][\/et_pb_column][\/et_pb_row][\/et_pb_section][et_pb_section fb_built=&#8220;1&#8243; admin_label=&#8220;Blog&#8220; _builder_version=&#8220;3.22.3&#8243; custom_width_px__hover=&#8220;1080px&#8220; custom_width_px__hover_enabled=&#8220;1080px&#8220; custom_width_percent__hover=&#8220;80%&#8220; custom_width_percent__hover_enabled=&#8220;80%&#8220; gutter_width__hover=&#8220;3&#8243; gutter_width__hover_enabled=&#8220;3&#8243; parallax_1__hover=&#8220;off&#8220; parallax_1__hover_enabled=&#8220;off&#8220; parallax_2__hover=&#8220;off&#8220; parallax_2__hover_enabled=&#8220;off&#8220; parallax_3__hover=&#8220;off&#8220; parallax_3__hover_enabled=&#8220;off&#8220; parallax_method_1__hover=&#8220;on&#8220; parallax_method_1__hover_enabled=&#8220;on&#8220; parallax_method_2__hover=&#8220;on&#8220; parallax_method_2__hover_enabled=&#8220;on&#8220; parallax_method_3__hover=&#8220;on&#8220; parallax_method_3__hover_enabled=&#8220;on&#8220; use_background_color_gradient__hover=&#8220;off&#8220; use_background_color_gradient__hover_enabled=&#8220;off&#8220; background_color_gradient_start__hover=&#8220;#2b87da&#8220; background_color_gradient_start__hover_enabled=&#8220;#2b87da&#8220; background_color_gradient_end__hover=&#8220;#29c4a9&#8243; background_color_gradient_end__hover_enabled=&#8220;#29c4a9&#8243; background_color_gradient_type__hover=&#8220;linear&#8220; background_color_gradient_type__hover_enabled=&#8220;linear&#8220; background_color_gradient_direction__hover=&#8220;180deg&#8220; background_color_gradient_direction__hover_enabled=&#8220;180deg&#8220; background_color_gradient_direction_radial__hover=&#8220;center&#8220; background_color_gradient_direction_radial__hover_enabled=&#8220;center&#8220; background_color_gradient_start_position__hover=&#8220;0%&#8220; background_color_gradient_start_position__hover_enabled=&#8220;0%&#8220; background_color_gradient_end_position__hover=&#8220;100%&#8220; background_color_gradient_end_position__hover_enabled=&#8220;100%&#8220; background_color_gradient_overlays_image__hover=&#8220;off&#8220; background_color_gradient_overlays_image__hover_enabled=&#8220;off&#8220; parallax__hover=&#8220;off&#8220; parallax__hover_enabled=&#8220;off&#8220; parallax_method__hover=&#8220;on&#8220; parallax_method__hover_enabled=&#8220;on&#8220; background_size__hover=&#8220;cover&#8220; background_size__hover_enabled=&#8220;cover&#8220; background_position__hover=&#8220;center&#8220; background_position__hover_enabled=&#8220;center&#8220; background_repeat__hover=&#8220;no-repeat&#8220; background_repeat__hover_enabled=&#8220;no-repeat&#8220; background_blend__hover=&#8220;normal&#8220; background_blend__hover_enabled=&#8220;normal&#8220; allow_player_pause__hover=&#8220;off&#8220; allow_player_pause__hover_enabled=&#8220;off&#8220; background_video_pause_outside_viewport__hover=&#8220;on&#8220; background_video_pause_outside_viewport__hover_enabled=&#8220;on&#8220; inner_shadow__hover=&#8220;off&#8220; inner_shadow__hover_enabled=&#8220;off&#8220; make_fullwidth__hover=&#8220;off&#8220; make_fullwidth__hover_enabled=&#8220;off&#8220; use_custom_width__hover=&#8220;off&#8220; use_custom_width__hover_enabled=&#8220;off&#8220; width_unit__hover=&#8220;on&#8220; width_unit__hover_enabled=&#8220;on&#8220; make_equal__hover=&#8220;off&#8220; make_equal__hover_enabled=&#8220;off&#8220; use_custom_gutter__hover=&#8220;off&#8220; use_custom_gutter__hover_enabled=&#8220;off&#8220; border_radii__hover=&#8220;on||||&#8220; border_radii__hover_enabled=&#8220;on||||&#8220; box_shadow_style__hover=&#8220;none&#8220; box_shadow_style__hover_enabled=&#8220;none&#8220; box_shadow_color__hover=&#8220;rgba(0,0,0,0.3)&#8220; box_shadow_color__hover_enabled=&#8220;rgba(0,0,0,0.3)&#8220; max_width__hover=&#8220;100%&#8220; max_width__hover_enabled=&#8220;100%&#8220; filter_hue_rotate__hover=&#8220;0deg&#8220; filter_hue_rotate__hover_enabled=&#8220;0deg&#8220; filter_saturate__hover=&#8220;100%&#8220; filter_saturate__hover_enabled=&#8220;100%&#8220; filter_brightness__hover=&#8220;100%&#8220; filter_brightness__hover_enabled=&#8220;100%&#8220; filter_contrast__hover=&#8220;100%&#8220; filter_contrast__hover_enabled=&#8220;100%&#8220; filter_invert__hover=&#8220;0%&#8220; filter_invert__hover_enabled=&#8220;0%&#8220; filter_sepia__hover=&#8220;0%&#8220; filter_sepia__hover_enabled=&#8220;0%&#8220; filter_opacity__hover=&#8220;100%&#8220; filter_opacity__hover_enabled=&#8220;100%&#8220; filter_blur__hover=&#8220;0px&#8220; filter_blur__hover_enabled=&#8220;0px&#8220; mix_blend_mode__hover=&#8220;normal&#8220; mix_blend_mode__hover_enabled=&#8220;normal&#8220; animation_style__hover=&#8220;none&#8220; animation_style__hover_enabled=&#8220;none&#8220; animation_repeat__hover=&#8220;once&#8220; animation_repeat__hover_enabled=&#8220;once&#8220; animation_direction__hover=&#8220;center&#8220; animation_direction__hover_enabled=&#8220;center&#8220; animation_duration__hover=&#8220;1000ms&#8220; animation_duration__hover_enabled=&#8220;1000ms&#8220; animation_delay__hover=&#8220;0ms&#8220; animation_delay__hover_enabled=&#8220;0ms&#8220; animation_intensity_slide__hover=&#8220;50%&#8220; animation_intensity_slide__hover_enabled=&#8220;50%&#8220; animation_intensity_zoom__hover=&#8220;50%&#8220; animation_intensity_zoom__hover_enabled=&#8220;50%&#8220; animation_intensity_flip__hover=&#8220;50%&#8220; animation_intensity_flip__hover_enabled=&#8220;50%&#8220; animation_intensity_fold__hover=&#8220;50%&#8220; animation_intensity_fold__hover_enabled=&#8220;50%&#8220; animation_intensity_roll__hover=&#8220;50%&#8220; animation_intensity_roll__hover_enabled=&#8220;50%&#8220; animation_starting_opacity__hover=&#8220;0%&#8220; animation_starting_opacity__hover_enabled=&#8220;0%&#8220; animation_speed_curve__hover=&#8220;ease-in-out&#8220; animation_speed_curve__hover_enabled=&#8220;ease-in-out&#8220; hover_transition_duration__hover=&#8220;300ms&#8220; hover_transition_duration__hover_enabled=&#8220;300ms&#8220; hover_transition_delay__hover=&#8220;0ms&#8220; hover_transition_delay__hover_enabled=&#8220;0ms&#8220; hover_transition_speed_curve__hover=&#8220;ease&#8220; hover_transition_speed_curve__hover_enabled=&#8220;ease&#8220;][et_pb_row _builder_version=&#8220;3.22.3&#8243;][et_pb_column type=&#8220;4_4&#8243; _builder_version=&#8220;3.16&#8243;][et_pb_gallery gallery_ids=&#8220;217794,217795,217796,217797&#8243; posts_number=&#8220;20&#8243; db_images_per_row=&#8220;4&#8243; db_image_row_spacing=&#8220;0px&#8220; dbdb_version=&#8220;3.9.3&#8243; show_title_and_caption=&#8220;off&#8220; zoom_icon_color=&#8220;#0e720e&#8220; hover_overlay_color=&#8220;rgba(255,255,255,0.6)&#8220; _builder_version=&#8220;3.22.7&#8243;][\/et_pb_gallery][\/et_pb_column][\/et_pb_row][\/et_pb_section][et_pb_section fb_built=&#8220;1&#8243; disabled_on=&#8220;on|on|on&#8220; admin_label=&#8220;Footer&#8220; _builder_version=&#8220;3.22.7&#8243; disabled=&#8220;on&#8220;][\/et_pb_section]<\/p>\n","protected":false},"excerpt":{"rendered":"<p>elektr\u00e1rna Fotovoltaick\u00e1 elektr\u00e1rna Sport MB s.r.o. &#8211; um\u00edst\u011bn\u00ed Bezd\u011b\u010d\u00edn\u00a0 N\u00e1zev v\u00fdzvy: Fotovoltaick\u00e9 syst\u00e9my s\/bez akumulace I. v\u00fdzva &#8211; aktivita a)\u00a0 C\u00edlem projektu bylo v\u202fvybudovat v\u202fobci Bezd\u011b\u010d\u00edn sol\u00e1rn\u00ed elektr\u00e1rnu do v\u00fdkonu 50kwp, kter\u00e1 bude \u010d\u00e1ste\u010dn\u011b pokr\u00fdvat spot\u0159ebu elektrick\u00e9 energie \u010d\u00e1sti za\u0159\u00edzen\u00ed motelu.<\/p>","protected":false},"author":3,"featured_media":0,"parent":0,"menu_order":0,"comment_status":"closed","ping_status":"closed","template":"","meta":{"_et_pb_use_builder":"on","_et_pb_old_content":"","_et_gb_content_width":"","footnotes":""},"class_list":["post-217787","page","type-page","status-publish","hentry"],"_links":{"self":[{"href":"https:\/\/www.sportcentrum-mb.cz\/en\/wp-json\/wp\/v2\/pages\/217787","targetHints":{"allow":["GET"]}}],"collection":[{"href":"https:\/\/www.sportcentrum-mb.cz\/en\/wp-json\/wp\/v2\/pages"}],"about":[{"href":"https:\/\/www.sportcentrum-mb.cz\/en\/wp-json\/wp\/v2\/types\/page"}],"author":[{"embeddable":true,"href":"https:\/\/www.sportcentrum-mb.cz\/en\/wp-json\/wp\/v2\/users\/3"}],"replies":[{"embeddable":true,"href":"https:\/\/www.sportcentrum-mb.cz\/en\/wp-json\/wp\/v2\/comments?post=217787"}],"version-history":[{"count":6,"href":"https:\/\/www.sportcentrum-mb.cz\/en\/wp-json\/wp\/v2\/pages\/217787\/revisions"}],"predecessor-version":[{"id":217808,"href":"https:\/\/www.sportcentrum-mb.cz\/en\/wp-json\/wp\/v2\/pages\/217787\/revisions\/217808"}],"wp:attachment":[{"href":"https:\/\/www.sportcentrum-mb.cz\/en\/wp-json\/wp\/v2\/media?parent=217787"}],"curies":[{"name":"wp","href":"https:\/\/api.w.org\/{rel}","templated":true}]}}